{"id":804,"date":"2021-05-11T16:43:34","date_gmt":"2021-05-11T16:43:34","guid":{"rendered":"https:\/\/euroscambiatori.com\/?page_id=804"},"modified":"2026-02-16T14:08:50","modified_gmt":"2026-02-16T14:08:50","slug":"certificazioni","status":"publish","type":"page","link":"https:\/\/euroscambiatori.com\/?page_id=804&lang=it","title":{"rendered":"Certificazioni"},"content":{"rendered":"\t\t<div data-elementor-type=\"wp-page\" data-elementor-id=\"804\" class=\"elementor elementor-804\" data-elementor-post-type=\"page\">\n\t\t\t\t\t\t<section class=\"elementor-section elementor-top-section elementor-element elementor-element-38abb3fc elementor-section-full_width elementor-section-height-default elementor-section-height-default\" data-id=\"38abb3fc\" data-element_type=\"section\">\n\t\t\t\t\t\t<div class=\"elementor-container elementor-column-gap-no\">\n\t\t\t\t\t<div class=\"elementor-column elementor-col-100 elementor-top-column elementor-element elementor-element-711f6b36\" data-id=\"711f6b36\" data-element_type=\"column\">\n\t\t\t<div class=\"elementor-widget-wrap elementor-element-populated\">\n\t\t\t\t\t\t<div class=\"elementor-element elementor-element-1e2f553c elementor-widget__width-inherit elementor--h-position-center elementor--v-position-middle elementor-arrows-position-inside elementor-pagination-position-inside elementor-widget elementor-widget-slides\" data-id=\"1e2f553c\" data-element_type=\"widget\" data-settings=\"{&quot;navigation&quot;:&quot;both&quot;,&quot;autoplay&quot;:&quot;yes&quot;,&quot;pause_on_hover&quot;:&quot;yes&quot;,&quot;pause_on_interaction&quot;:&quot;yes&quot;,&quot;autoplay_speed&quot;:5000,&quot;infinite&quot;:&quot;yes&quot;,&quot;transition&quot;:&quot;slide&quot;,&quot;transition_speed&quot;:500}\" data-widget_type=\"slides.default\">\n\t\t\t\t<div class=\"elementor-widget-container\">\n\t\t\t\t\t\t\t\t\t<div class=\"elementor-swiper\">\n\t\t\t\t\t<div class=\"elementor-slides-wrapper elementor-main-swiper swiper\" role=\"region\" aria-roledescription=\"carousel\" aria-label=\"Slides\" dir=\"ltr\" data-animation=\"fadeInUp\">\n\t\t\t\t<div class=\"swiper-wrapper elementor-slides\">\n\t\t\t\t\t\t\t\t\t\t<div class=\"elementor-repeater-item-64c2ccb swiper-slide\" role=\"group\" aria-roledescription=\"slide\"><div class=\"swiper-slide-bg\" role=\"img\"><\/div><div class=\"elementor-background-overlay\"><\/div><div class=\"swiper-slide-inner\" ><div class=\"swiper-slide-contents\"><div class=\"elementor-slide-heading\">CERTIFICAZIONI<\/div><\/div><\/div><\/div>\t\t\t\t<\/div>\n\t\t\t\t\t\t\t<\/div>\n\t\t\t\t<\/div>\n\t\t\t\t\t\t\t\t<\/div>\n\t\t\t\t<\/div>\n\t\t\t\t\t<\/div>\n\t\t<\/div>\n\t\t\t\t\t<\/div>\n\t\t<\/section>\n\t\t\t\t<section class=\"elementor-section elementor-top-section elementor-element elementor-element-50788954 elementor-section-boxed elementor-section-height-default elementor-section-height-default\" data-id=\"50788954\" data-element_type=\"section\">\n\t\t\t\t\t\t<div class=\"elementor-container elementor-column-gap-default\">\n\t\t\t\t\t<div class=\"elementor-column elementor-col-100 elementor-top-column elementor-element elementor-element-502ba1bb\" data-id=\"502ba1bb\" data-element_type=\"column\">\n\t\t\t<div class=\"elementor-widget-wrap elementor-element-populated\">\n\t\t\t\t\t\t<section class=\"elementor-section elementor-inner-section elementor-element elementor-element-18291826 elementor-section-boxed elementor-section-height-default elementor-section-height-default\" data-id=\"18291826\" data-element_type=\"section\">\n\t\t\t\t\t\t<div class=\"elementor-container elementor-column-gap-default\">\n\t\t\t\t\t<div class=\"elementor-column elementor-col-25 elementor-inner-column elementor-element elementor-element-460e096b elementor-hidden-phone\" data-id=\"460e096b\" data-element_type=\"column\" data-settings=\"{&quot;background_background&quot;:&quot;classic&quot;}\">\n\t\t\t<div class=\"elementor-widget-wrap\">\n\t\t\t\t\t\t\t<\/div>\n\t\t<\/div>\n\t\t\t\t<div class=\"elementor-column elementor-col-50 elementor-inner-column elementor-element elementor-element-114c75d1\" data-id=\"114c75d1\" data-element_type=\"column\" data-settings=\"{&quot;background_background&quot;:&quot;classic&quot;}\">\n\t\t\t<div class=\"elementor-widget-wrap elementor-element-populated\">\n\t\t\t\t\t\t<div class=\"elementor-element elementor-element-197533c3 elementor-widget elementor-widget-text-editor\" data-id=\"197533c3\" data-element_type=\"widget\" data-widget_type=\"text-editor.default\">\n\t\t\t\t<div class=\"elementor-widget-container\">\n\t\t\t\t\t\t\t\t\t<p>Spinti dalla continua ricerca dell\u2019eccellenza nella qualit\u00e0 del prodotto e dei servizi offerti ai nostri clienti, sia in Italia che all\u2019estero, <strong>EUROSCAMBIATORI ITALIA SRL<\/strong> ha adottato da anni un <strong>Sistema di Gestione della Qualit\u00e0 in conformit\u00e0 alla norma ISO 9001<\/strong>, implementandolo, nel corso della sua attivit\u00e0, in funzione della variazione della norma stessa.<\/p><p>Anche in questa fase, con l\u2019emissione della nuova norma internazionale ISO 9001 versione 2015, l\u2019Organizzazione ha voluto implementare il proprio Sistema di Gestione della Qualit\u00e0 in conformit\u00e0 a quest\u2019ultima, allo scopo di recepire le opportunit\u00e0 di miglioramento che la norma stessa offre. Il 5 marzo 2019 \u00e8 stata certificata la Conformit\u00e0 del nostro SGQ.<\/p>\t\t\t\t\t\t\t\t<\/div>\n\t\t\t\t<\/div>\n\t\t\t\t<div class=\"elementor-element elementor-element-349c59a elementor-widget elementor-widget-heading\" data-id=\"349c59a\" data-element_type=\"widget\" data-widget_type=\"heading.default\">\n\t\t\t\t<div class=\"elementor-widget-container\">\n\t\t\t\t\t<h5 class=\"elementor-heading-title elementor-size-default\">Clicca sul banner e scarica la nostra certificazione:<\/h5>\t\t\t\t<\/div>\n\t\t\t\t<\/div>\n\t\t\t\t<div class=\"elementor-element elementor-element-8e8730f elementor-widget elementor-widget-image\" data-id=\"8e8730f\" data-element_type=\"widget\" data-widget_type=\"image.default\">\n\t\t\t\t<div class=\"elementor-widget-container\">\n\t\t\t\t\t\t\t\t\t\t\t\t\t\t\t\t<a href=\"https:\/\/euroscambiatori.com\/wp-content\/uploads\/2025\/03\/Certificato_SQ163988_EN.pdf\" target=\"_blank\">\n\t\t\t\t\t\t\t<img decoding=\"async\" width=\"300\" height=\"115\" src=\"https:\/\/euroscambiatori.com\/wp-content\/uploads\/2021\/05\/banner-certificato.png\" class=\"attachment-large size-large wp-image-555\" alt=\"\" \/>\t\t\t\t\t\t\t\t<\/a>\n\t\t\t\t\t\t\t\t\t\t\t\t\t\t\t<\/div>\n\t\t\t\t<\/div>\n\t\t\t\t\t<\/div>\n\t\t<\/div>\n\t\t\t\t<div class=\"elementor-column elementor-col-25 elementor-inner-column elementor-element elementor-element-2ff1c91e elementor-hidden-phone\" data-id=\"2ff1c91e\" data-element_type=\"column\">\n\t\t\t<div class=\"elementor-widget-wrap\">\n\t\t\t\t\t\t\t<\/div>\n\t\t<\/div>\n\t\t\t\t\t<\/div>\n\t\t<\/section>\n\t\t\t\t\t<\/div>\n\t\t<\/div>\n\t\t\t\t\t<\/div>\n\t\t<\/section>\n\t\t\t\t<\/div>\n\t\t","protected":false},"excerpt":{"rendered":"<p>CERTIFICAZIONI Spinti dalla continua ricerca dell\u2019eccellenza nella qualit\u00e0 del prodotto e dei servizi offerti ai nostri clienti, sia in Italia che all\u2019estero, EUROSCAMBIATORI ITALIA SRL ha adottato da anni un Sistema di Gestione della Qualit\u00e0 in conformit\u00e0 alla norma ISO 9001, implementandolo, nel corso della sua attivit\u00e0, in funzione della variazione della norma stessa. Anche [&hellip;]<\/p>\n","protected":false},"author":1,"featured_media":0,"parent":0,"menu_order":0,"comment_status":"closed","ping_status":"closed","template":"","meta":{"footnotes":""},"class_list":["post-804","page","type-page","status-publish","hentry"],"yoast_head":"<!-- This site is optimized with the Yoast SEO plugin v24.7 - https:\/\/yoast.com\/wordpress\/plugins\/seo\/ -->\n<title>Certificazioni - Euroscambiatori<\/title>\n<meta name=\"robots\" content=\"index, follow, max-snippet:-1, max-image-preview:large, max-video-preview:-1\" \/>\n<link rel=\"canonical\" href=\"https:\/\/euroscambiatori.com\/?page_id=804&lang=it\" \/>\n<meta property=\"og:locale\" content=\"it_IT\" \/>\n<meta property=\"og:type\" content=\"article\" \/>\n<meta property=\"og:title\" content=\"Certificazioni - Euroscambiatori\" \/>\n<meta property=\"og:description\" content=\"CERTIFICAZIONI Spinti dalla continua ricerca dell\u2019eccellenza nella qualit\u00e0 del prodotto e dei servizi offerti ai nostri clienti, sia in Italia che all\u2019estero, EUROSCAMBIATORI ITALIA SRL ha adottato da anni un Sistema di Gestione della Qualit\u00e0 in conformit\u00e0 alla norma ISO 9001, implementandolo, nel corso della sua attivit\u00e0, in funzione della variazione della norma stessa. Anche [&hellip;]\" \/>\n<meta property=\"og:url\" content=\"https:\/\/euroscambiatori.com\/?page_id=804&amp;lang=it\" \/>\n<meta property=\"og:site_name\" content=\"Euroscambiatori\" \/>\n<meta property=\"article:modified_time\" content=\"2026-02-16T14:08:50+00:00\" \/>\n<meta property=\"og:image\" content=\"https:\/\/euroscambiatori.com\/wp-content\/uploads\/2021\/05\/banner-certificato.png\" \/>\n<meta name=\"twitter:card\" content=\"summary_large_image\" \/>\n<meta name=\"twitter:label1\" content=\"Tempo di lettura stimato\" \/>\n\t<meta name=\"twitter:data1\" content=\"1 minuto\" \/>\n<script type=\"application\/ld+json\" class=\"yoast-schema-graph\">{\"@context\":\"https:\/\/schema.org\",\"@graph\":[{\"@type\":\"WebPage\",\"@id\":\"https:\/\/euroscambiatori.com\/?page_id=804&lang=it\",\"url\":\"https:\/\/euroscambiatori.com\/?page_id=804&lang=it\",\"name\":\"Certificazioni - Euroscambiatori\",\"isPartOf\":{\"@id\":\"https:\/\/euroscambiatori.com\/#website\"},\"primaryImageOfPage\":{\"@id\":\"https:\/\/euroscambiatori.com\/?page_id=804&lang=it#primaryimage\"},\"image\":{\"@id\":\"https:\/\/euroscambiatori.com\/?page_id=804&lang=it#primaryimage\"},\"thumbnailUrl\":\"https:\/\/euroscambiatori.com\/wp-content\/uploads\/2021\/05\/banner-certificato.png\",\"datePublished\":\"2021-05-11T16:43:34+00:00\",\"dateModified\":\"2026-02-16T14:08:50+00:00\",\"breadcrumb\":{\"@id\":\"https:\/\/euroscambiatori.com\/?page_id=804&lang=it#breadcrumb\"},\"inLanguage\":\"it-IT\",\"potentialAction\":[{\"@type\":\"ReadAction\",\"target\":[\"https:\/\/euroscambiatori.com\/?page_id=804&lang=it\"]}]},{\"@type\":\"ImageObject\",\"inLanguage\":\"it-IT\",\"@id\":\"https:\/\/euroscambiatori.com\/?page_id=804&lang=it#primaryimage\",\"url\":\"https:\/\/euroscambiatori.com\/wp-content\/uploads\/2021\/05\/banner-certificato.png\",\"contentUrl\":\"https:\/\/euroscambiatori.com\/wp-content\/uploads\/2021\/05\/banner-certificato.png\",\"width\":300,\"height\":115},{\"@type\":\"BreadcrumbList\",\"@id\":\"https:\/\/euroscambiatori.com\/?page_id=804&lang=it#breadcrumb\",\"itemListElement\":[{\"@type\":\"ListItem\",\"position\":1,\"name\":\"Home\",\"item\":\"https:\/\/euroscambiatori.com\/?lang=it\"},{\"@type\":\"ListItem\",\"position\":2,\"name\":\"Certificazioni\"}]},{\"@type\":\"WebSite\",\"@id\":\"https:\/\/euroscambiatori.com\/#website\",\"url\":\"https:\/\/euroscambiatori.com\/\",\"name\":\"Euroscambiatori\",\"description\":\"leader nel settore degli scambiatori di calore\",\"publisher\":{\"@id\":\"https:\/\/euroscambiatori.com\/#organization\"},\"potentialAction\":[{\"@type\":\"SearchAction\",\"target\":{\"@type\":\"EntryPoint\",\"urlTemplate\":\"https:\/\/euroscambiatori.com\/?s={search_term_string}\"},\"query-input\":{\"@type\":\"PropertyValueSpecification\",\"valueRequired\":true,\"valueName\":\"search_term_string\"}}],\"inLanguage\":\"it-IT\"},{\"@type\":\"Organization\",\"@id\":\"https:\/\/euroscambiatori.com\/#organization\",\"name\":\"Euroscambiatori\",\"url\":\"https:\/\/euroscambiatori.com\/\",\"logo\":{\"@type\":\"ImageObject\",\"inLanguage\":\"it-IT\",\"@id\":\"https:\/\/euroscambiatori.com\/#\/schema\/logo\/image\/\",\"url\":\"https:\/\/euroscambiatori.com\/wp-content\/uploads\/2021\/04\/Euroscambiatori.png\",\"contentUrl\":\"https:\/\/euroscambiatori.com\/wp-content\/uploads\/2021\/04\/Euroscambiatori.png\",\"width\":1446,\"height\":551,\"caption\":\"Euroscambiatori\"},\"image\":{\"@id\":\"https:\/\/euroscambiatori.com\/#\/schema\/logo\/image\/\"}}]}<\/script>\n<!-- \/ Yoast SEO plugin. -->","yoast_head_json":{"title":"Certificazioni - Euroscambiatori","robots":{"index":"index","follow":"follow","max-snippet":"max-snippet:-1","max-image-preview":"max-image-preview:large","max-video-preview":"max-video-preview:-1"},"canonical":"https:\/\/euroscambiatori.com\/?page_id=804&lang=it","og_locale":"it_IT","og_type":"article","og_title":"Certificazioni - Euroscambiatori","og_description":"CERTIFICAZIONI Spinti dalla continua ricerca dell\u2019eccellenza nella qualit\u00e0 del prodotto e dei servizi offerti ai nostri clienti, sia in Italia che all\u2019estero, EUROSCAMBIATORI ITALIA SRL ha adottato da anni un Sistema di Gestione della Qualit\u00e0 in conformit\u00e0 alla norma ISO 9001, implementandolo, nel corso della sua attivit\u00e0, in funzione della variazione della norma stessa. Anche [&hellip;]","og_url":"https:\/\/euroscambiatori.com\/?page_id=804&lang=it","og_site_name":"Euroscambiatori","article_modified_time":"2026-02-16T14:08:50+00:00","og_image":[{"url":"https:\/\/euroscambiatori.com\/wp-content\/uploads\/2021\/05\/banner-certificato.png","type":"","width":"","height":""}],"twitter_card":"summary_large_image","twitter_misc":{"Tempo di lettura stimato":"1 minuto"},"schema":{"@context":"https:\/\/schema.org","@graph":[{"@type":"WebPage","@id":"https:\/\/euroscambiatori.com\/?page_id=804&lang=it","url":"https:\/\/euroscambiatori.com\/?page_id=804&lang=it","name":"Certificazioni - Euroscambiatori","isPartOf":{"@id":"https:\/\/euroscambiatori.com\/#website"},"primaryImageOfPage":{"@id":"https:\/\/euroscambiatori.com\/?page_id=804&lang=it#primaryimage"},"image":{"@id":"https:\/\/euroscambiatori.com\/?page_id=804&lang=it#primaryimage"},"thumbnailUrl":"https:\/\/euroscambiatori.com\/wp-content\/uploads\/2021\/05\/banner-certificato.png","datePublished":"2021-05-11T16:43:34+00:00","dateModified":"2026-02-16T14:08:50+00:00","breadcrumb":{"@id":"https:\/\/euroscambiatori.com\/?page_id=804&lang=it#breadcrumb"},"inLanguage":"it-IT","potentialAction":[{"@type":"ReadAction","target":["https:\/\/euroscambiatori.com\/?page_id=804&lang=it"]}]},{"@type":"ImageObject","inLanguage":"it-IT","@id":"https:\/\/euroscambiatori.com\/?page_id=804&lang=it#primaryimage","url":"https:\/\/euroscambiatori.com\/wp-content\/uploads\/2021\/05\/banner-certificato.png","contentUrl":"https:\/\/euroscambiatori.com\/wp-content\/uploads\/2021\/05\/banner-certificato.png","width":300,"height":115},{"@type":"BreadcrumbList","@id":"https:\/\/euroscambiatori.com\/?page_id=804&lang=it#breadcrumb","itemListElement":[{"@type":"ListItem","position":1,"name":"Home","item":"https:\/\/euroscambiatori.com\/?lang=it"},{"@type":"ListItem","position":2,"name":"Certificazioni"}]},{"@type":"WebSite","@id":"https:\/\/euroscambiatori.com\/#website","url":"https:\/\/euroscambiatori.com\/","name":"Euroscambiatori","description":"leader nel settore degli scambiatori di calore","publisher":{"@id":"https:\/\/euroscambiatori.com\/#organization"},"potentialAction":[{"@type":"SearchAction","target":{"@type":"EntryPoint","urlTemplate":"https:\/\/euroscambiatori.com\/?s={search_term_string}"},"query-input":{"@type":"PropertyValueSpecification","valueRequired":true,"valueName":"search_term_string"}}],"inLanguage":"it-IT"},{"@type":"Organization","@id":"https:\/\/euroscambiatori.com\/#organization","name":"Euroscambiatori","url":"https:\/\/euroscambiatori.com\/","logo":{"@type":"ImageObject","inLanguage":"it-IT","@id":"https:\/\/euroscambiatori.com\/#\/schema\/logo\/image\/","url":"https:\/\/euroscambiatori.com\/wp-content\/uploads\/2021\/04\/Euroscambiatori.png","contentUrl":"https:\/\/euroscambiatori.com\/wp-content\/uploads\/2021\/04\/Euroscambiatori.png","width":1446,"height":551,"caption":"Euroscambiatori"},"image":{"@id":"https:\/\/euroscambiatori.com\/#\/schema\/logo\/image\/"}}]}},"_links":{"self":[{"href":"https:\/\/euroscambiatori.com\/index.php?rest_route=\/wp\/v2\/pages\/804","targetHints":{"allow":["GET"]}}],"collection":[{"href":"https:\/\/euroscambiatori.com\/index.php?rest_route=\/wp\/v2\/pages"}],"about":[{"href":"https:\/\/euroscambiatori.com\/index.php?rest_route=\/wp\/v2\/types\/page"}],"author":[{"embeddable":true,"href":"https:\/\/euroscambiatori.com\/index.php?rest_route=\/wp\/v2\/users\/1"}],"replies":[{"embeddable":true,"href":"https:\/\/euroscambiatori.com\/index.php?rest_route=%2Fwp%2Fv2%2Fcomments&post=804"}],"version-history":[{"count":33,"href":"https:\/\/euroscambiatori.com\/index.php?rest_route=\/wp\/v2\/pages\/804\/revisions"}],"predecessor-version":[{"id":1883,"href":"https:\/\/euroscambiatori.com\/index.php?rest_route=\/wp\/v2\/pages\/804\/revisions\/1883"}],"wp:attachment":[{"href":"https:\/\/euroscambiatori.com\/index.php?rest_route=%2Fwp%2Fv2%2Fmedia&parent=804"}],"curies":[{"name":"wp","href":"https:\/\/api.w.org\/{rel}","templated":true}]}}