{"id":158,"date":"2021-04-06T09:26:57","date_gmt":"2021-04-06T09:26:57","guid":{"rendered":"https:\/\/euroscambiatori.com\/?page_id=158"},"modified":"2021-08-09T12:39:35","modified_gmt":"2021-08-09T12:39:35","slug":"chi-siamo","status":"publish","type":"page","link":"https:\/\/euroscambiatori.com\/?page_id=158&lang=it","title":{"rendered":"Chi Siamo"},"content":{"rendered":"\t\t<div data-elementor-type=\"wp-page\" data-elementor-id=\"158\" class=\"elementor elementor-158\" data-elementor-post-type=\"page\">\n\t\t\t\t\t\t<section class=\"elementor-section elementor-top-section elementor-element elementor-element-d90d68d elementor-section-full_width elementor-section-height-default elementor-section-height-default\" data-id=\"d90d68d\" data-element_type=\"section\">\n\t\t\t\t\t\t<div class=\"elementor-container elementor-column-gap-no\">\n\t\t\t\t\t<div class=\"elementor-column elementor-col-100 elementor-top-column elementor-element elementor-element-422794c\" data-id=\"422794c\" data-element_type=\"column\">\n\t\t\t<div class=\"elementor-widget-wrap elementor-element-populated\">\n\t\t\t\t\t\t<div class=\"elementor-element elementor-element-7a44d7c elementor-widget__width-inherit elementor--h-position-center elementor--v-position-middle elementor-arrows-position-inside elementor-pagination-position-inside elementor-widget elementor-widget-slides\" data-id=\"7a44d7c\" data-element_type=\"widget\" data-settings=\"{&quot;navigation&quot;:&quot;both&quot;,&quot;autoplay&quot;:&quot;yes&quot;,&quot;pause_on_hover&quot;:&quot;yes&quot;,&quot;pause_on_interaction&quot;:&quot;yes&quot;,&quot;autoplay_speed&quot;:5000,&quot;infinite&quot;:&quot;yes&quot;,&quot;transition&quot;:&quot;slide&quot;,&quot;transition_speed&quot;:500}\" data-widget_type=\"slides.default\">\n\t\t\t\t<div class=\"elementor-widget-container\">\n\t\t\t\t\t\t\t\t\t<div class=\"elementor-swiper\">\n\t\t\t\t\t<div class=\"elementor-slides-wrapper elementor-main-swiper swiper\" role=\"region\" aria-roledescription=\"carousel\" aria-label=\"Slides\" dir=\"ltr\" data-animation=\"fadeInUp\">\n\t\t\t\t<div class=\"swiper-wrapper elementor-slides\">\n\t\t\t\t\t\t\t\t\t\t<div class=\"elementor-repeater-item-64c2ccb swiper-slide\" role=\"group\" aria-roledescription=\"slide\"><div class=\"swiper-slide-bg\" role=\"img\"><\/div><div class=\"elementor-background-overlay\"><\/div><div class=\"swiper-slide-inner\" ><div class=\"swiper-slide-contents\"><div class=\"elementor-slide-heading\">CHI SIAMO<\/div><\/div><\/div><\/div>\t\t\t\t<\/div>\n\t\t\t\t\t\t\t<\/div>\n\t\t\t\t<\/div>\n\t\t\t\t\t\t\t\t<\/div>\n\t\t\t\t<\/div>\n\t\t\t\t\t<\/div>\n\t\t<\/div>\n\t\t\t\t\t<\/div>\n\t\t<\/section>\n\t\t\t\t<section class=\"elementor-section elementor-top-section elementor-element elementor-element-e6a8902 elementor-section-boxed elementor-section-height-default elementor-section-height-default\" data-id=\"e6a8902\" data-element_type=\"section\">\n\t\t\t\t\t\t<div class=\"elementor-container elementor-column-gap-default\">\n\t\t\t\t\t<div class=\"elementor-column elementor-col-100 elementor-top-column elementor-element elementor-element-3a462b1\" data-id=\"3a462b1\" data-element_type=\"column\">\n\t\t\t<div class=\"elementor-widget-wrap elementor-element-populated\">\n\t\t\t\t\t\t<section class=\"elementor-section elementor-inner-section elementor-element elementor-element-bc34e16 elementor-section-boxed elementor-section-height-default elementor-section-height-default\" data-id=\"bc34e16\" data-element_type=\"section\">\n\t\t\t\t\t\t<div class=\"elementor-container elementor-column-gap-default\">\n\t\t\t\t\t<div class=\"elementor-column elementor-col-25 elementor-inner-column elementor-element elementor-element-44278c6 elementor-hidden-phone\" data-id=\"44278c6\" data-element_type=\"column\" data-settings=\"{&quot;background_background&quot;:&quot;classic&quot;}\">\n\t\t\t<div class=\"elementor-widget-wrap\">\n\t\t\t\t\t\t\t<\/div>\n\t\t<\/div>\n\t\t\t\t<div class=\"elementor-column elementor-col-50 elementor-inner-column elementor-element elementor-element-677475f\" data-id=\"677475f\" data-element_type=\"column\" data-settings=\"{&quot;background_background&quot;:&quot;classic&quot;}\">\n\t\t\t<div class=\"elementor-widget-wrap elementor-element-populated\">\n\t\t\t\t\t\t<div class=\"elementor-element elementor-element-e1f771b elementor-widget elementor-widget-text-editor\" data-id=\"e1f771b\" data-element_type=\"widget\" data-widget_type=\"text-editor.default\">\n\t\t\t\t<div class=\"elementor-widget-container\">\n\t\t\t\t\t\t\t\t\t<p><b>Euroscambiatori Italia SRL<\/b> \u00e8 l\u2019azienda leader nel settore della gestione di tutti i tipi di <b>scambiatori di calore<\/b>, in grado di coniugare la manutenzione degli scambiatori con la produzione e commercializzazione di nuovi apparecchi.<\/p><p>La societ\u00e0\u00a0fornisce soluzioni avanzate e flessibili.\u00a0<span style=\"color: var( --e-global-color-text ); font-family: var( --e-global-typography-text-font-family ), Sans-serif; font-weight: var( --e-global-typography-text-font-weight ); font-size: 1rem;\">Una realt\u00e0 giovane e dinamica che, ad oggi, \u00e8 il punto di riferimento per la ricambistica e consulenza tecnica specializzata.<\/span><\/p><p><b>Euroscambiatori<\/b> \u00e8 al fianco dei clienti per trovare le migliori soluzioni di ingegneria e per garantire una pronta e puntuale assistenza on site o presso la propria sede nelle vicinanze di <b>Milano<\/b>.<\/p><p>Esperienza, qualit\u00e0, dinamicit\u00e0 e flessibilit\u00e0 sono la nostra forza, grazie ad uno staff altamente specializzato con <b>comprovata esperienza<\/b> nelle pi\u00f9 grandi multinazionali del settore.<span style=\"color: var( --e-global-color-text ); font-family: var( --e-global-typography-text-font-family ), Sans-serif; font-weight: var( --e-global-typography-text-font-weight ); font-size: 1rem;\">\u00a0<\/span><\/p>\t\t\t\t\t\t\t\t<\/div>\n\t\t\t\t<\/div>\n\t\t\t\t\t<\/div>\n\t\t<\/div>\n\t\t\t\t<div class=\"elementor-column elementor-col-25 elementor-inner-column elementor-element elementor-element-775192a elementor-hidden-phone\" data-id=\"775192a\" data-element_type=\"column\">\n\t\t\t<div class=\"elementor-widget-wrap\">\n\t\t\t\t\t\t\t<\/div>\n\t\t<\/div>\n\t\t\t\t\t<\/div>\n\t\t<\/section>\n\t\t\t\t\t<\/div>\n\t\t<\/div>\n\t\t\t\t\t<\/div>\n\t\t<\/section>\n\t\t\t\t<\/div>\n\t\t","protected":false},"excerpt":{"rendered":"<p>CHI SIAMO Euroscambiatori Italia SRL \u00e8 l\u2019azienda leader nel settore della gestione di tutti i tipi di scambiatori di calore, in grado di coniugare la manutenzione degli scambiatori con la produzione e commercializzazione di nuovi apparecchi. La societ\u00e0\u00a0fornisce soluzioni avanzate e flessibili.\u00a0Una realt\u00e0 giovane e dinamica che, ad oggi, \u00e8 il punto di riferimento per [&hellip;]<\/p>\n","protected":false},"author":1,"featured_media":0,"parent":0,"menu_order":0,"comment_status":"closed","ping_status":"closed","template":"","meta":{"footnotes":""},"class_list":["post-158","page","type-page","status-publish","hentry"],"yoast_head":"<!-- This site is optimized with the Yoast SEO plugin v24.7 - https:\/\/yoast.com\/wordpress\/plugins\/seo\/ -->\n<title>Chi Siamo - Euroscambiatori<\/title>\n<meta name=\"robots\" content=\"index, follow, max-snippet:-1, max-image-preview:large, max-video-preview:-1\" \/>\n<link rel=\"canonical\" href=\"https:\/\/euroscambiatori.com\/?page_id=158&lang=it\" \/>\n<meta property=\"og:locale\" content=\"it_IT\" \/>\n<meta property=\"og:type\" content=\"article\" \/>\n<meta property=\"og:title\" content=\"Chi Siamo - Euroscambiatori\" \/>\n<meta property=\"og:description\" content=\"CHI SIAMO Euroscambiatori Italia SRL \u00e8 l\u2019azienda leader nel settore della gestione di tutti i tipi di scambiatori di calore, in grado di coniugare la manutenzione degli scambiatori con la produzione e commercializzazione di nuovi apparecchi. La societ\u00e0\u00a0fornisce soluzioni avanzate e flessibili.\u00a0Una realt\u00e0 giovane e dinamica che, ad oggi, \u00e8 il punto di riferimento per [&hellip;]\" \/>\n<meta property=\"og:url\" content=\"https:\/\/euroscambiatori.com\/?page_id=158&amp;lang=it\" \/>\n<meta property=\"og:site_name\" content=\"Euroscambiatori\" \/>\n<meta property=\"article:modified_time\" content=\"2021-08-09T12:39:35+00:00\" \/>\n<meta name=\"twitter:card\" content=\"summary_large_image\" \/>\n<meta name=\"twitter:label1\" content=\"Tempo di lettura stimato\" \/>\n\t<meta name=\"twitter:data1\" content=\"1 minuto\" \/>\n<script type=\"application\/ld+json\" class=\"yoast-schema-graph\">{\"@context\":\"https:\/\/schema.org\",\"@graph\":[{\"@type\":\"WebPage\",\"@id\":\"https:\/\/euroscambiatori.com\/?page_id=158&lang=it\",\"url\":\"https:\/\/euroscambiatori.com\/?page_id=158&lang=it\",\"name\":\"Chi Siamo - Euroscambiatori\",\"isPartOf\":{\"@id\":\"https:\/\/euroscambiatori.com\/#website\"},\"datePublished\":\"2021-04-06T09:26:57+00:00\",\"dateModified\":\"2021-08-09T12:39:35+00:00\",\"breadcrumb\":{\"@id\":\"https:\/\/euroscambiatori.com\/?page_id=158&lang=it#breadcrumb\"},\"inLanguage\":\"it-IT\",\"potentialAction\":[{\"@type\":\"ReadAction\",\"target\":[\"https:\/\/euroscambiatori.com\/?page_id=158&lang=it\"]}]},{\"@type\":\"BreadcrumbList\",\"@id\":\"https:\/\/euroscambiatori.com\/?page_id=158&lang=it#breadcrumb\",\"itemListElement\":[{\"@type\":\"ListItem\",\"position\":1,\"name\":\"Home\",\"item\":\"https:\/\/euroscambiatori.com\/?lang=it\"},{\"@type\":\"ListItem\",\"position\":2,\"name\":\"Chi Siamo\"}]},{\"@type\":\"WebSite\",\"@id\":\"https:\/\/euroscambiatori.com\/#website\",\"url\":\"https:\/\/euroscambiatori.com\/\",\"name\":\"Euroscambiatori\",\"description\":\"leader nel settore degli scambiatori di calore\",\"publisher\":{\"@id\":\"https:\/\/euroscambiatori.com\/#organization\"},\"potentialAction\":[{\"@type\":\"SearchAction\",\"target\":{\"@type\":\"EntryPoint\",\"urlTemplate\":\"https:\/\/euroscambiatori.com\/?s={search_term_string}\"},\"query-input\":{\"@type\":\"PropertyValueSpecification\",\"valueRequired\":true,\"valueName\":\"search_term_string\"}}],\"inLanguage\":\"it-IT\"},{\"@type\":\"Organization\",\"@id\":\"https:\/\/euroscambiatori.com\/#organization\",\"name\":\"Euroscambiatori\",\"url\":\"https:\/\/euroscambiatori.com\/\",\"logo\":{\"@type\":\"ImageObject\",\"inLanguage\":\"it-IT\",\"@id\":\"https:\/\/euroscambiatori.com\/#\/schema\/logo\/image\/\",\"url\":\"https:\/\/euroscambiatori.com\/wp-content\/uploads\/2021\/04\/Euroscambiatori.png\",\"contentUrl\":\"https:\/\/euroscambiatori.com\/wp-content\/uploads\/2021\/04\/Euroscambiatori.png\",\"width\":1446,\"height\":551,\"caption\":\"Euroscambiatori\"},\"image\":{\"@id\":\"https:\/\/euroscambiatori.com\/#\/schema\/logo\/image\/\"}}]}<\/script>\n<!-- \/ Yoast SEO plugin. -->","yoast_head_json":{"title":"Chi Siamo - Euroscambiatori","robots":{"index":"index","follow":"follow","max-snippet":"max-snippet:-1","max-image-preview":"max-image-preview:large","max-video-preview":"max-video-preview:-1"},"canonical":"https:\/\/euroscambiatori.com\/?page_id=158&lang=it","og_locale":"it_IT","og_type":"article","og_title":"Chi Siamo - Euroscambiatori","og_description":"CHI SIAMO Euroscambiatori Italia SRL \u00e8 l\u2019azienda leader nel settore della gestione di tutti i tipi di scambiatori di calore, in grado di coniugare la manutenzione degli scambiatori con la produzione e commercializzazione di nuovi apparecchi. La societ\u00e0\u00a0fornisce soluzioni avanzate e flessibili.\u00a0Una realt\u00e0 giovane e dinamica che, ad oggi, \u00e8 il punto di riferimento per [&hellip;]","og_url":"https:\/\/euroscambiatori.com\/?page_id=158&lang=it","og_site_name":"Euroscambiatori","article_modified_time":"2021-08-09T12:39:35+00:00","twitter_card":"summary_large_image","twitter_misc":{"Tempo di lettura stimato":"1 minuto"},"schema":{"@context":"https:\/\/schema.org","@graph":[{"@type":"WebPage","@id":"https:\/\/euroscambiatori.com\/?page_id=158&lang=it","url":"https:\/\/euroscambiatori.com\/?page_id=158&lang=it","name":"Chi Siamo - Euroscambiatori","isPartOf":{"@id":"https:\/\/euroscambiatori.com\/#website"},"datePublished":"2021-04-06T09:26:57+00:00","dateModified":"2021-08-09T12:39:35+00:00","breadcrumb":{"@id":"https:\/\/euroscambiatori.com\/?page_id=158&lang=it#breadcrumb"},"inLanguage":"it-IT","potentialAction":[{"@type":"ReadAction","target":["https:\/\/euroscambiatori.com\/?page_id=158&lang=it"]}]},{"@type":"BreadcrumbList","@id":"https:\/\/euroscambiatori.com\/?page_id=158&lang=it#breadcrumb","itemListElement":[{"@type":"ListItem","position":1,"name":"Home","item":"https:\/\/euroscambiatori.com\/?lang=it"},{"@type":"ListItem","position":2,"name":"Chi Siamo"}]},{"@type":"WebSite","@id":"https:\/\/euroscambiatori.com\/#website","url":"https:\/\/euroscambiatori.com\/","name":"Euroscambiatori","description":"leader nel settore degli scambiatori di calore","publisher":{"@id":"https:\/\/euroscambiatori.com\/#organization"},"potentialAction":[{"@type":"SearchAction","target":{"@type":"EntryPoint","urlTemplate":"https:\/\/euroscambiatori.com\/?s={search_term_string}"},"query-input":{"@type":"PropertyValueSpecification","valueRequired":true,"valueName":"search_term_string"}}],"inLanguage":"it-IT"},{"@type":"Organization","@id":"https:\/\/euroscambiatori.com\/#organization","name":"Euroscambiatori","url":"https:\/\/euroscambiatori.com\/","logo":{"@type":"ImageObject","inLanguage":"it-IT","@id":"https:\/\/euroscambiatori.com\/#\/schema\/logo\/image\/","url":"https:\/\/euroscambiatori.com\/wp-content\/uploads\/2021\/04\/Euroscambiatori.png","contentUrl":"https:\/\/euroscambiatori.com\/wp-content\/uploads\/2021\/04\/Euroscambiatori.png","width":1446,"height":551,"caption":"Euroscambiatori"},"image":{"@id":"https:\/\/euroscambiatori.com\/#\/schema\/logo\/image\/"}}]}},"_links":{"self":[{"href":"https:\/\/euroscambiatori.com\/index.php?rest_route=\/wp\/v2\/pages\/158","targetHints":{"allow":["GET"]}}],"collection":[{"href":"https:\/\/euroscambiatori.com\/index.php?rest_route=\/wp\/v2\/pages"}],"about":[{"href":"https:\/\/euroscambiatori.com\/index.php?rest_route=\/wp\/v2\/types\/page"}],"author":[{"embeddable":true,"href":"https:\/\/euroscambiatori.com\/index.php?rest_route=\/wp\/v2\/users\/1"}],"replies":[{"embeddable":true,"href":"https:\/\/euroscambiatori.com\/index.php?rest_route=%2Fwp%2Fv2%2Fcomments&post=158"}],"version-history":[{"count":63,"href":"https:\/\/euroscambiatori.com\/index.php?rest_route=\/wp\/v2\/pages\/158\/revisions"}],"predecessor-version":[{"id":1119,"href":"https:\/\/euroscambiatori.com\/index.php?rest_route=\/wp\/v2\/pages\/158\/revisions\/1119"}],"wp:attachment":[{"href":"https:\/\/euroscambiatori.com\/index.php?rest_route=%2Fwp%2Fv2%2Fmedia&parent=158"}],"curies":[{"name":"wp","href":"https:\/\/api.w.org\/{rel}","templated":true}]}}